{"id":94,"date":"2020-01-29T05:17:02","date_gmt":"2020-01-29T05:17:02","guid":{"rendered":"https:\/\/emphires-demo.pbminfotech.com\/demo1\/?page_id=11900"},"modified":"2025-05-12T21:19:42","modified_gmt":"2025-05-12T21:19:42","slug":"gjej-staff","status":"publish","type":"page","link":"https:\/\/hr-albania.com\/ar\/gjej-staff\/","title":{"rendered":"\u0627\u0628\u062d\u062b \u0639\u0646 \u0645\u0648\u0638\u0641\u064a\u0646"},"content":{"rendered":"<div data-elementor-type=\"wp-page\" data-elementor-id=\"94\" class=\"elementor elementor-94\">\n\t\t\t\t\t\t<div class=\"elementor-section elementor-top-section elementor-element elementor-element-549f7ebc cspt-bg-color-yes cspt-elementor-bg-color-white elementor-section-stretched cspt-col-stretched-none cspt-bg-color-over-image elementor-section-boxed elementor-section-height-default elementor-section-height-default\" data-id=\"549f7ebc\" data-element_type=\"section\" data-settings=\"{&quot;stretch_section&quot;:&quot;section-stretched&quot;}\">\n\t\t\t\t\t\t<div class=\"elementor-container elementor-column-gap-no\">\n\t\t\t\t\t<div class=\"elementor-column elementor-col-100 elementor-top-column elementor-element elementor-element-7539cfd1 cspt-bg-color-over-image\" data-id=\"7539cfd1\" data-element_type=\"column\">\n\t\t\t<div class=\"elementor-widget-wrap elementor-element-populated\">\n\t\t\t\t\t\t<div class=\"elementor-element elementor-element-4fcfcc0b cspt-align-center elementor-widget elementor-widget-cspt_heading\" data-id=\"4fcfcc0b\" data-element_type=\"widget\" data-widget_type=\"cspt_heading.default\">\n\t\t\t\t<div class=\"elementor-widget-container\">\n\t\t\t\t\t\t<div class=\"cspt-heading-subheading center-align cspt-reverse-heading-yes\"><h4 class=\"cspt-element-subtitle\">\r\n\t\t\t\r\n\t\t\t\tHR Albania\r\n\t\t\t\r\n\t\t\t<\/h4>\r\n\t\t<h2 class=\"cspt-element-title\">\r\n\t\t\t\r\n\t\t\t\tNa besoni p\u00ebr t\u00eb gjetur stafin q\u00eb i p\u00ebrshtatet <em>biznesit tuaj<\/em>\r\n\t\t\t\r\n\t\t\t<\/h2>\r\n\t\t<div class=\"cspt-heading-desc\">Procesi yn\u00eb i rekrutimit \u00ebsht\u00eb nd\u00ebrtuar p\u00ebr t\u2019ju ndihmuar t\u00eb gjeni profesionist\u00ebt e duhur, nga k\u00ebrkesa fillestare deri te pun\u00ebsimi final \u2014 shpejt, leht\u00eb dhe me rezultate t\u00eb q\u00ebndrueshme.<\/div><\/div>\t\t\t\t<\/div>\n\t\t\t\t<\/div>\n\t\t\t\t<section class=\"elementor-section elementor-inner-section elementor-element elementor-element-53a824fe cspt-steps-counter cspt-two-colum-view-991-to-768 cspt-col-stretched-none cspt-bg-color-over-image elementor-section-boxed elementor-section-height-default elementor-section-height-default\" data-id=\"53a824fe\" data-element_type=\"section\">\n\t\t\t\t\t\t<div class=\"elementor-container elementor-column-gap-no\">\n\t\t\t\t\t<div class=\"elementor-column elementor-col-33 elementor-inner-column elementor-element elementor-element-3e793772 cspt-bg-color-over-image\" data-id=\"3e793772\" data-element_type=\"column\">\n\t\t\t<div class=\"elementor-widget-wrap elementor-element-populated\">\n\t\t\t\t\t\t<div class=\"elementor-element elementor-element-231ce525 elementor-widget elementor-widget-cspt_icon_heading\" data-id=\"231ce525\" data-element_type=\"widget\" data-widget_type=\"cspt_icon_heading.default\">\n\t\t\t\t<div class=\"elementor-widget-container\">\n\t\t\t\t\t<div  class=\"cspt-ihbox cspt-ihbox-style-5\" >\r\n\t<div class=\"cspt-ihbox-icon\"><div class=\"cspt-ihbox-icon-wrapper\"><i class=\"cspt-emphires-icon cspt-emphires-icon-consulting\"><\/i><\/div><\/div>\t<div class=\"cspt-ihbox-contents\">\r\n\t\t<h2 class=\"cspt-ihbox-heading\">\r\n\t\t\t\t\t\r\n\t\t\t\t\t\tK\u00ebrkes\u00eb p\u00ebr staf\r\n\t\t\t\t\t\r\n\t\t\t\t\t<\/h2>\r\n\t\t\t\t\t\t\t\t<div class=\"cspt-ihbox-content\">D\u00ebrgoni k\u00ebrkes\u00ebn p\u00ebr punonj\u00ebs bazuar n\u00eb nevojat e biznesit tuaj.<\/div>\t\t\t<\/div><!-- .cspt-ihbox-contents -->\r\n<\/div>\r\n\t\t\t\t<\/div>\n\t\t\t\t<\/div>\n\t\t\t\t\t<\/div>\n\t\t<\/div>\n\t\t\t\t<div class=\"elementor-column elementor-col-33 elementor-inner-column elementor-element elementor-element-44769097 cspt-bg-color-over-image\" data-id=\"44769097\" data-element_type=\"column\">\n\t\t\t<div class=\"elementor-widget-wrap elementor-element-populated\">\n\t\t\t\t\t\t<div class=\"elementor-element elementor-element-5c027083 elementor-widget elementor-widget-cspt_icon_heading\" data-id=\"5c027083\" data-element_type=\"widget\" data-widget_type=\"cspt_icon_heading.default\">\n\t\t\t\t<div class=\"elementor-widget-container\">\n\t\t\t\t\t<div  class=\"cspt-ihbox cspt-ihbox-style-5\" >\r\n\t<div class=\"cspt-ihbox-icon\"><div class=\"cspt-ihbox-icon-wrapper\"><i class=\"cspt-emphires-icon cspt-emphires-icon-consultation\"><\/i><\/div><\/div>\t<div class=\"cspt-ihbox-contents\">\r\n\t\t<h2 class=\"cspt-ihbox-heading\">\r\n\t\t\t\t\t\r\n\t\t\t\t\t\tIntervistoni\r\n\t\t\t\t\t\r\n\t\t\t\t\t<\/h2>\r\n\t\t\t\t\t\t\t\t<div class=\"cspt-ihbox-content\">Intervisto kandidat\u00ebt m\u00eb t\u00eb mir\u00eb t\u00eb p\u00ebrzgjedhur<\/div>\t\t\t<\/div><!-- .cspt-ihbox-contents -->\r\n<\/div>\r\n\t\t\t\t<\/div>\n\t\t\t\t<\/div>\n\t\t\t\t\t<\/div>\n\t\t<\/div>\n\t\t\t\t<div class=\"elementor-column elementor-col-33 elementor-inner-column elementor-element elementor-element-6c863de8 cspt-bg-color-over-image\" data-id=\"6c863de8\" data-element_type=\"column\">\n\t\t\t<div class=\"elementor-widget-wrap elementor-element-populated\">\n\t\t\t\t\t\t<div class=\"elementor-element elementor-element-34e1aab0 elementor-widget elementor-widget-cspt_icon_heading\" data-id=\"34e1aab0\" data-element_type=\"widget\" data-widget_type=\"cspt_icon_heading.default\">\n\t\t\t\t<div class=\"elementor-widget-container\">\n\t\t\t\t\t<div  class=\"cspt-ihbox cspt-ihbox-style-5\" >\r\n\t<div class=\"cspt-ihbox-icon\"><div class=\"cspt-ihbox-icon-wrapper\"><i class=\"cspt-emphires-icon cspt-emphires-icon-deal\"><\/i><\/div><\/div>\t<div class=\"cspt-ihbox-contents\">\r\n\t\t<h2 class=\"cspt-ihbox-heading\">\r\n\t\t\t\t\t\r\n\t\t\t\t\t\tPun\u00ebso m\u00eb t\u00eb mir\u00ebt\r\n\t\t\t\t\t\r\n\t\t\t\t\t<\/h2>\r\n\t\t\t\t\t\t\t\t<div class=\"cspt-ihbox-content\">B\u00ebni zgjedhjen m\u00eb t\u00eb mir\u00eb p\u00ebr biznesin tuaj.<\/div>\t\t\t<\/div><!-- .cspt-ihbox-contents -->\r\n<\/div>\r\n\t\t\t\t<\/div>\n\t\t\t\t<\/div>\n\t\t\t\t\t<\/div>\n\t\t<\/div>\n\t\t\t\t\t<\/div>\n\t\t<\/section>\n\t\t\t\t\t<\/div>\n\t\t<\/div>\n\t\t\t\t\t<\/div>\n\t\t<\/div>\n\t\t\t\t<section class=\"elementor-section elementor-top-section elementor-element elementor-element-49152a33 cspt-bg-color-yes cspt-elementor-bg-color-white elementor-section-stretched elementor-section-content-middle cspt-col-stretched-none cspt-bg-color-over-image elementor-section-boxed elementor-section-height-default elementor-section-height-default\" data-id=\"49152a33\" data-element_type=\"section\" data-settings=\"{&quot;stretch_section&quot;:&quot;section-stretched&quot;}\">\n\t\t\t\t\t\t<div class=\"elementor-container elementor-column-gap-no\">\n\t\t\t\t\t<div class=\"elementor-column elementor-col-50 elementor-top-column elementor-element elementor-element-309e8882 cspt-bg-color-over-image\" data-id=\"309e8882\" data-element_type=\"column\">\n\t\t\t<div class=\"elementor-widget-wrap elementor-element-populated\">\n\t\t\t\t\t\t<div class=\"elementor-element elementor-element-21a3cdcf cspt-effect-img-4 cspt-align-center-991 elementor-widget elementor-widget-image\" data-id=\"21a3cdcf\" data-element_type=\"widget\" data-widget_type=\"image.default\">\n\t\t\t\t<div class=\"elementor-widget-container\">\n\t\t\t\t\t\t\t\t\t\t\t\t\t\t\t<img decoding=\"async\" src=\"https:\/\/hr-albania.com\/wp-content\/uploads\/elementor\/thumbs\/staff-r5pv1y32fndtqb22yu9hs0s7f0l5ur4qw3x8rvqu9g.jpg\" title=\"staff\" alt=\"staff\" loading=\"lazy\" \/>\t\t\t\t\t\t\t\t\t\t\t\t\t\t\t<\/div>\n\t\t\t\t<\/div>\n\t\t\t\t<div class=\"elementor-element elementor-element-515782ce elementor-absolute elementor-widget__width-initial elementor-widget elementor-widget-cspt_fid_element\" data-id=\"515782ce\" data-element_type=\"widget\" data-settings=\"{&quot;_position&quot;:&quot;absolute&quot;}\" data-widget_type=\"cspt_fid_element.default\">\n\t\t\t\t<div class=\"elementor-widget-container\">\n\t\t\t\t\t<div class=\"creativesplanet-ele creativesplanet-ele-fid creativesplanet-ele-fid-style-5\"><div class=\"cspt-fld-contents\">\r\n\t<div class=\"cspt-circle-outer\" data-digit=\"95\" data-fill=\"#fc8459\" data-emptyfill=\"rgba(252,132,89,0.3)\" data-before=\"\" data-after=\"&lt;sup&gt;%&lt;\/sup&gt;\" data-thickness=\"6\">\r\n\t\t    <div class=\"d-flex align-items-center\">\r\n\t\t\t\t<div class=\"cspt-circle\">\t\t\t\t\r\n\t\t\t\t<\/div>\t\t\t\r\n\t\t\t\t<div class=\"cspt-circle-inner\">\r\n\t\t\t\t\t<div class=\"cspt-circle-number\"><\/div>\r\n\t\t\t\t\t<span class=\"cspt-fid-title\">Norm\u00eb suksesi<\/span>\r\n\t\t\t\t<\/div>\r\n\t\t\t<\/div>\r\n\t<\/div>\r\n<\/div><!-- .cspt-fld-contents --><\/div>\t\t\t\t<\/div>\n\t\t\t\t<\/div>\n\t\t\t\t\t<\/div>\n\t\t<\/div>\n\t\t\t\t<div class=\"elementor-column elementor-col-50 elementor-top-column elementor-element elementor-element-dd749 cspt-bg-color-over-image\" data-id=\"dd749\" data-element_type=\"column\">\n\t\t\t<div class=\"elementor-widget-wrap elementor-element-populated\">\n\t\t\t\t\t\t<div class=\"elementor-element elementor-element-09774ef cspt-align-center elementor-widget elementor-widget-cspt_heading\" data-id=\"09774ef\" data-element_type=\"widget\" data-widget_type=\"cspt_heading.default\">\n\t\t\t\t<div class=\"elementor-widget-container\">\n\t\t\t\t\t\t<div class=\"cspt-heading-subheading center-align cspt-reverse-heading-yes\"><h2 class=\"cspt-element-title\">\r\n\t\t\t\r\n\t\t\t\t<em>Na d\u00ebrgoni nj\u00eb k\u00ebrkes\u00eb<\/em> dhe ekipi yn\u00eb do t\u2019ju kontaktoj\u00eb sa m\u00eb shpejt.\r\n\t\t\t\r\n\t\t\t<\/h2>\r\n\t\t<\/div>\t\t\t\t<\/div>\n\t\t\t\t<\/div>\n\t\t\t\t<div class=\"elementor-element elementor-element-e6f32cb elementor-widget elementor-widget-shortcode\" data-id=\"e6f32cb\" data-element_type=\"widget\" data-widget_type=\"shortcode.default\">\n\t\t\t\t<div class=\"elementor-widget-container\">\n\t\t\t\t\t\t\t<div class=\"elementor-shortcode\">\n<div class=\"wpcf7 no-js\" id=\"wpcf7-f371-o1\" lang=\"en-US\" dir=\"ltr\" data-wpcf7-id=\"371\">\n<div class=\"screen-reader-response\"><p role=\"status\" aria-live=\"polite\" aria-atomic=\"true\"><\/p> <ul><\/ul><\/div>\n<form action=\"\/ar\/wp-json\/wp\/v2\/pages\/94#wpcf7-f371-o1\" method=\"post\" class=\"wpcf7-form init\" aria-label=\"Contact form\" novalidate=\"novalidate\" data-status=\"init\" data-trp-original-action=\"\/ar\/wp-json\/wp\/v2\/pages\/94#wpcf7-f371-o1\">\n<fieldset class=\"hidden-fields-container\"><input type=\"hidden\" name=\"_wpcf7\" value=\"371\" \/><input type=\"hidden\" name=\"_wpcf7_version\" value=\"6.1\" \/><input type=\"hidden\" name=\"_wpcf7_locale\" value=\"en_US\" \/><input type=\"hidden\" name=\"_wpcf7_unit_tag\" value=\"wpcf7-f371-o1\" \/><input type=\"hidden\" name=\"_wpcf7_container_post\" value=\"0\" \/><input type=\"hidden\" name=\"_wpcf7_posted_data_hash\" value=\"\" \/>\n<\/fieldset>\n<div class=\"cspt-team-form\">\n\t<div class=\"row\">\n\t\t<div class=\"col-sm-6\">\n\t\t\t<div class=\"input-group\">\n\t\t\t\t<p><span class=\"wpcf7-form-control-wrap\" data-name=\"your-firstname\"><input size=\"40\" maxlength=\"400\" class=\"wpcf7-form-control wpcf7-text wpcf7-validates-as-required\" aria-required=\"true\" aria-invalid=\"false\" placeholder=\"\u0627\u0644\u0627\u0633\u0645 *\" value=\"\" type=\"text\" name=\"your-firstname\" \/><\/span>\n\t\t\t\t<\/p>\n\t\t\t<\/div>\n\t\t<\/div>\n\t\t<div class=\"col-sm-6\">\n\t\t\t<div class=\"input-group\">\n\t\t\t\t<p><span class=\"wpcf7-form-control-wrap\" data-name=\"your-lastname\"><input size=\"40\" maxlength=\"400\" class=\"wpcf7-form-control wpcf7-text wpcf7-validates-as-required\" aria-required=\"true\" aria-invalid=\"false\" placeholder=\"\u0627\u0633\u0645 \u0627\u0644\u0639\u0627\u0626\u0644\u0629 *\" value=\"\" type=\"text\" name=\"your-lastname\" \/><\/span>\n\t\t\t\t<\/p>\n\t\t\t<\/div>\n\t\t<\/div>\n\t\t<div class=\"col-sm-6\">\n\t\t\t<div class=\"input-group\">\n\t\t\t\t<p><span class=\"wpcf7-form-control-wrap\" data-name=\"your-phone\"><input size=\"40\" maxlength=\"400\" class=\"wpcf7-form-control wpcf7-tel wpcf7-validates-as-required wpcf7-text wpcf7-validates-as-tel\" aria-required=\"true\" aria-invalid=\"false\" placeholder=\"\u0631\u0642\u0645 \u0627\u0644\u0647\u0627\u062a\u0641 *\" value=\"\" type=\"tel\" name=\"your-phone\" \/><\/span>\n\t\t\t\t<\/p>\n\t\t\t<\/div>\n\t\t<\/div>\n\t\t<div class=\"col-sm-6\">\n\t\t\t<div class=\"input-group\">\n\t\t\t\t<p><span class=\"wpcf7-form-control-wrap\" data-name=\"your-email\"><input size=\"40\" maxlength=\"400\" class=\"wpcf7-form-control wpcf7-email wpcf7-validates-as-required wpcf7-text wpcf7-validates-as-email\" aria-required=\"true\" aria-invalid=\"false\" placeholder=\"\u0628\u0631\u064a\u062f\u0643 \u0627\u0644\u0625\u0644\u0643\u062a\u0631\u0648\u0646\u064a *\" value=\"\" type=\"email\" name=\"your-email\" \/><\/span>\n\t\t\t\t<\/p>\n\t\t\t<\/div>\n\t\t<\/div>\n\t\t<div class=\"col-sm-12\">\n\t\t\t<div class=\"input-group input-button\">\n\t\t\t\t<p><span class=\"wpcf7-form-control-wrap\" data-name=\"message\"><textarea cols=\"40\" rows=\"5\" maxlength=\"2000\" class=\"wpcf7-form-control wpcf7-textarea wpcf7-validates-as-required\" aria-required=\"true\" aria-invalid=\"false\" placeholder=\"\u0631\u0633\u0627\u0644\u062a\u0643 *\" name=\"message\"><\/textarea><\/span>\n\t\t\t\t<\/p>\n\t\t\t<\/div>\n\t\t<\/div>\n\t\t<div class=\"col-sm-12\">\n\t\t\t<div class=\"input-group input-button\">\n\t\t\t\t<p><button id='submit' class='wpcf7-form-control wpcf7-submit'>\u0623\u0631\u0633\u0644 \u0627\u0644\u0631\u0633\u0627\u0644\u0629<\/button>\n\t\t\t\t<\/p>\n\t\t\t<\/div>\n\t\t<\/div>\n\t<\/div>\n<\/div><div class=\"wpcf7-response-output\" aria-hidden=\"true\"><\/div>\n<input type=\"hidden\" name=\"trp-form-language\" value=\"ar\"\/><\/form>\n<\/div>\n<\/div>\n\t\t\t\t\t\t<\/div>\n\t\t\t\t<\/div>\n\t\t\t\t\t<\/div>\n\t\t<\/div>\n\t\t\t\t\t<\/div>\n\t\t<\/section>\n\t\t\t\t<section class=\"elementor-section elementor-top-section elementor-element elementor-element-b5a0a10 cspt-col-stretched-none cspt-bg-color-over-image elementor-section-boxed elementor-section-height-default elementor-section-height-default\" data-id=\"b5a0a10\" data-element_type=\"section\">\n\t\t\t\t\t\t<div class=\"elementor-container elementor-column-gap-default\">\n\t\t\t\t\t<div class=\"elementor-column elementor-col-100 elementor-top-column elementor-element elementor-element-19c8780 cspt-bg-color-over-image\" data-id=\"19c8780\" data-element_type=\"column\">\n\t\t\t<div class=\"elementor-widget-wrap\">\n\t\t\t\t\t\t\t<\/div>\n\t\t<\/div>\n\t\t\t\t\t<\/div>\n\t\t<\/section>\n\t\t\t\t<\/div>","protected":false},"excerpt":{"rendered":"<p>HR Albania Na besoni p\u00ebr t\u00eb gjetur stafin q\u00eb i p\u00ebrshtatet biznesit tuaj Procesi yn\u00eb i rekrutimit \u00ebsht\u00eb nd\u00ebrtuar p\u00ebr t\u2019ju ndihmuar t\u00eb gjeni profesionist\u00ebt e duhur, nga k\u00ebrkesa fillestare deri te pun\u00ebsimi final \u2014 shpejt, leht\u00eb dhe me rezultate t\u00eb q\u00ebndrueshme. K\u00ebrkes\u00eb p\u00ebr staf D\u00ebrgoni k\u00ebrkes\u00ebn p\u00ebr punonj\u00ebs bazuar n\u00eb nevojat e biznesit tuaj. Intervistoni Intervisto kandidat\u00ebt m\u00eb t\u00eb mir\u00eb t\u00eb p\u00ebrzgjedhur Pun\u00ebso m\u00eb t\u00eb mir\u00ebt B\u00ebni zgjedhjen m\u00eb[&hellip;]<\/p>","protected":false},"author":1,"featured_media":0,"parent":0,"menu_order":10,"comment_status":"closed","ping_status":"closed","template":"","meta":{"footnotes":""},"class_list":["post-94","page","type-page","status-publish","hentry"],"_links":{"self":[{"href":"https:\/\/hr-albania.com\/ar\/wp-json\/wp\/v2\/pages\/94","targetHints":{"allow":["GET"]}}],"collection":[{"href":"https:\/\/hr-albania.com\/ar\/wp-json\/wp\/v2\/pages"}],"about":[{"href":"https:\/\/hr-albania.com\/ar\/wp-json\/wp\/v2\/types\/page"}],"author":[{"embeddable":true,"href":"https:\/\/hr-albania.com\/ar\/wp-json\/wp\/v2\/users\/1"}],"replies":[{"embeddable":true,"href":"https:\/\/hr-albania.com\/ar\/wp-json\/wp\/v2\/comments?post=94"}],"version-history":[{"count":12,"href":"https:\/\/hr-albania.com\/ar\/wp-json\/wp\/v2\/pages\/94\/revisions"}],"predecessor-version":[{"id":388,"href":"https:\/\/hr-albania.com\/ar\/wp-json\/wp\/v2\/pages\/94\/revisions\/388"}],"wp:attachment":[{"href":"https:\/\/hr-albania.com\/ar\/wp-json\/wp\/v2\/media?parent=94"}],"curies":[{"name":"wp","href":"https:\/\/api.w.org\/{rel}","templated":true}]}}