{"id":97,"date":"2019-06-18T09:01:26","date_gmt":"2019-06-18T09:01:26","guid":{"rendered":"https:\/\/emphires-demo.pbminfotech.com\/nutrition\/?page_id=10428"},"modified":"2025-05-12T22:15:39","modified_gmt":"2025-05-12T22:15:39","slug":"faq","status":"publish","type":"page","link":"https:\/\/hr-albania.com\/ar\/faq\/","title":{"rendered":"\u0627\u0644\u0623\u0633\u0626\u0644\u0629 \u0627\u0644\u0634\u0627\u0626\u0639\u0629"},"content":{"rendered":"<div data-elementor-type=\"wp-page\" data-elementor-id=\"97\" class=\"elementor elementor-97\">\n\t\t\t\t\t\t<div class=\"elementor-section elementor-top-section elementor-element elementor-element-bedf41f cspt-bg-color-yes cspt-elementor-bg-color-white elementor-section-stretched cspt-col-stretched-none cspt-bg-color-over-image elementor-section-boxed elementor-section-height-default elementor-section-height-default\" data-id=\"bedf41f\" data-element_type=\"section\" data-settings=\"{&quot;stretch_section&quot;:&quot;section-stretched&quot;}\">\n\t\t\t\t\t\t<div class=\"elementor-container elementor-column-gap-no\">\n\t\t\t\t\t<div class=\"elementor-column elementor-col-100 elementor-top-column elementor-element elementor-element-8ba39b4 cspt-bg-color-over-image\" data-id=\"8ba39b4\" data-element_type=\"column\">\n\t\t\t<div class=\"elementor-widget-wrap elementor-element-populated\">\n\t\t\t\t\t\t<div class=\"elementor-element elementor-element-5e23aad elementor-widget elementor-widget-heading\" data-id=\"5e23aad\" data-element_type=\"widget\" data-widget_type=\"heading.default\">\n\t\t\t\t<div class=\"elementor-widget-container\">\n\t\t\t\t\t<h3 class=\"elementor-heading-title elementor-size-default\">\u0627\u0644\u0623\u0633\u0626\u0644\u0629 \u0627\u0644\u0634\u0627\u0626\u0639\u0629 \u0644\u0644\u0634\u0631\u0643\u0627\u062a \u0627\u0644\u062a\u064a \u062a\u0628\u062d\u062b \u0639\u0646 \u0645\u0648\u0638\u0641\u064a\u0646<\/h3>\t\t\t\t<\/div>\n\t\t\t\t<\/div>\n\t\t\t\t<div class=\"elementor-element elementor-element-cca36c3 elementor-widget elementor-widget-accordion\" data-id=\"cca36c3\" data-element_type=\"widget\" data-widget_type=\"accordion.default\">\n\t\t\t\t<div class=\"elementor-widget-container\">\n\t\t\t\t\t\t\t<div class=\"elementor-accordion\">\n\t\t\t\t\t\t\t<div class=\"elementor-accordion-item\">\n\t\t\t\t\t<div id=\"elementor-tab-title-2141\" class=\"elementor-tab-title\" data-tab=\"1\" role=\"button\" aria-controls=\"elementor-tab-content-2141\" aria-expanded=\"false\">\n\t\t\t\t\t\t\t\t\t\t\t\t\t<span class=\"elementor-accordion-icon elementor-accordion-icon-right\" aria-hidden=\"true\">\n\t\t\t\t\t\t\t\t\t\t\t\t\t\t\t<span class=\"elementor-accordion-icon-closed\"><i class=\"fas fa-caret-down\"><\/i><\/span>\n\t\t\t\t\t\t\t\t<span class=\"elementor-accordion-icon-opened\"><i class=\"fas fa-caret-up\"><\/i><\/span>\n\t\t\t\t\t\t\t\t\t\t\t\t\t\t<\/span>\n\t\t\t\t\t\t\t\t\t\t\t\t<a class=\"elementor-accordion-title\" tabindex=\"0\">\u0645\u0627 \u0623\u0646\u0648\u0627\u0639 \u0627\u0644\u0634\u0631\u0643\u0627\u062a \u0627\u0644\u062a\u064a \u064a\u0645\u0643\u0646\u0647\u0627 \u0627\u0644\u062a\u0639\u0627\u0648\u0646 \u0645\u0639 HR Albania\u061f<\/a>\n\t\t\t\t\t<\/div>\n\t\t\t\t\t<div id=\"elementor-tab-content-2141\" class=\"elementor-tab-content elementor-clearfix\" data-tab=\"1\" role=\"region\" aria-labelledby=\"elementor-tab-title-2141\"><p>\u0646\u062d\u0646 \u0646\u0639\u0645\u0644 \u0645\u0639 \u0634\u0631\u0643\u0627\u062a \u0645\u0646 \u062c\u0645\u064a\u0639 \u0627\u0644\u0623\u062d\u062c\u0627\u0645 \u0648\u0627\u0644\u0642\u0637\u0627\u0639\u0627\u062a\u060c \u0645\u0646 \u0627\u0644\u0634\u0631\u0643\u0627\u062a \u0627\u0644\u0646\u0627\u0634\u0626\u0629 \u0625\u0644\u0649 \u0627\u0644\u0634\u0631\u0643\u0627\u062a \u0627\u0644\u0643\u0628\u0631\u0649\u060c \u0644\u0645\u0633\u0627\u0639\u062f\u062a\u0647\u0627 \u0641\u064a \u062a\u0648\u0638\u064a\u0641 \u0627\u0644\u0643\u0648\u0627\u062f\u0631 \u0627\u0644\u0645\u0646\u0627\u0633\u0628\u0629.<\/p><\/div>\n\t\t\t\t<\/div>\n\t\t\t\t\t\t\t<div class=\"elementor-accordion-item\">\n\t\t\t\t\t<div id=\"elementor-tab-title-2142\" class=\"elementor-tab-title\" data-tab=\"2\" role=\"button\" aria-controls=\"elementor-tab-content-2142\" aria-expanded=\"false\">\n\t\t\t\t\t\t\t\t\t\t\t\t\t<span class=\"elementor-accordion-icon elementor-accordion-icon-right\" aria-hidden=\"true\">\n\t\t\t\t\t\t\t\t\t\t\t\t\t\t\t<span class=\"elementor-accordion-icon-closed\"><i class=\"fas fa-caret-down\"><\/i><\/span>\n\t\t\t\t\t\t\t\t<span class=\"elementor-accordion-icon-opened\"><i class=\"fas fa-caret-up\"><\/i><\/span>\n\t\t\t\t\t\t\t\t\t\t\t\t\t\t<\/span>\n\t\t\t\t\t\t\t\t\t\t\t\t<a class=\"elementor-accordion-title\" tabindex=\"0\">2. \u0645\u0627 \u0647\u064a \u062e\u062f\u0645\u0627\u062a \u0627\u0644\u062a\u0648\u0638\u064a\u0641 \u0627\u0644\u062a\u064a \u062a\u0642\u062f\u0645\u0648\u0646\u0647\u0627\u061f<\/a>\n\t\t\t\t\t<\/div>\n\t\t\t\t\t<div id=\"elementor-tab-content-2142\" class=\"elementor-tab-content elementor-clearfix\" data-tab=\"2\" role=\"region\" aria-labelledby=\"elementor-tab-title-2142\"><p>\u0646\u0642\u062f\u0651\u0645 \u0627\u0644\u062a\u0648\u0638\u064a\u0641 \u0627\u0644\u0643\u0644\u0627\u0633\u064a\u0643\u064a\u060c \u0627\u0644\u0628\u062d\u062b \u0627\u0644\u062a\u0646\u0641\u064a\u0630\u064a\u060c \u062a\u0623\u062c\u064a\u0631 \u0627\u0644\u0645\u0648\u0638\u0641\u064a\u0646\u060c \u062e\u062f\u0645\u0627\u062a EOR\u060c \u0648\u0627\u0633\u062a\u0634\u0627\u0631\u0627\u062a \u0641\u064a \u0627\u0644\u0645\u0648\u0627\u0631\u062f \u0627\u0644\u0628\u0634\u0631\u064a\u0629.<\/p><\/div>\n\t\t\t\t<\/div>\n\t\t\t\t\t\t\t<div class=\"elementor-accordion-item\">\n\t\t\t\t\t<div id=\"elementor-tab-title-2143\" class=\"elementor-tab-title\" data-tab=\"3\" role=\"button\" aria-controls=\"elementor-tab-content-2143\" aria-expanded=\"false\">\n\t\t\t\t\t\t\t\t\t\t\t\t\t<span class=\"elementor-accordion-icon elementor-accordion-icon-right\" aria-hidden=\"true\">\n\t\t\t\t\t\t\t\t\t\t\t\t\t\t\t<span class=\"elementor-accordion-icon-closed\"><i class=\"fas fa-caret-down\"><\/i><\/span>\n\t\t\t\t\t\t\t\t<span class=\"elementor-accordion-icon-opened\"><i class=\"fas fa-caret-up\"><\/i><\/span>\n\t\t\t\t\t\t\t\t\t\t\t\t\t\t<\/span>\n\t\t\t\t\t\t\t\t\t\t\t\t<a class=\"elementor-accordion-title\" tabindex=\"0\">3. \u0643\u0645 \u064a\u0633\u062a\u063a\u0631\u0642 \u0648\u0642\u062a \u0639\u0645\u0644\u064a\u0629 \u0627\u0644\u062a\u0648\u0638\u064a\u0641\u061f<\/a>\n\t\t\t\t\t<\/div>\n\t\t\t\t\t<div id=\"elementor-tab-content-2143\" class=\"elementor-tab-content elementor-clearfix\" data-tab=\"3\" role=\"region\" aria-labelledby=\"elementor-tab-title-2143\"><p>\u062a\u0639\u062a\u0645\u062f \u0627\u0644\u0645\u062f\u0629 \u0639\u0644\u0649 \u0627\u0644\u0645\u0644\u0641 \u0627\u0644\u0645\u0637\u0644\u0648\u0628 \u0648\u0627\u0644\u0633\u0648\u0642\u060c \u0644\u0643\u0646\u0646\u0627 \u0639\u0627\u062f\u0629\u064b \u0646\u0642\u062f\u0645 \u0642\u0627\u0626\u0645\u0629 \u0645\u062e\u062a\u0635\u0631\u0629 \u062e\u0644\u0627\u0644 7\u201314 \u064a\u0648\u0645\u064b\u0627 \u0645\u0646 \u062a\u0623\u0643\u064a\u062f \u0627\u0644\u0637\u0644\u0628.<\/p><\/div>\n\t\t\t\t<\/div>\n\t\t\t\t\t\t\t<div class=\"elementor-accordion-item\">\n\t\t\t\t\t<div id=\"elementor-tab-title-2144\" class=\"elementor-tab-title\" data-tab=\"4\" role=\"button\" aria-controls=\"elementor-tab-content-2144\" aria-expanded=\"false\">\n\t\t\t\t\t\t\t\t\t\t\t\t\t<span class=\"elementor-accordion-icon elementor-accordion-icon-right\" aria-hidden=\"true\">\n\t\t\t\t\t\t\t\t\t\t\t\t\t\t\t<span class=\"elementor-accordion-icon-closed\"><i class=\"fas fa-caret-down\"><\/i><\/span>\n\t\t\t\t\t\t\t\t<span class=\"elementor-accordion-icon-opened\"><i class=\"fas fa-caret-up\"><\/i><\/span>\n\t\t\t\t\t\t\t\t\t\t\t\t\t\t<\/span>\n\t\t\t\t\t\t\t\t\t\t\t\t<a class=\"elementor-accordion-title\" tabindex=\"0\">4. \u0645\u0627\u0630\u0627 \u064a\u062d\u062f\u062b \u0625\u0630\u0627 \u0644\u0645 \u064a\u0643\u0646 \u0627\u0644\u0645\u0631\u0634\u062d \u0645\u0646\u0627\u0633\u0628\u064b\u0627\u061f<\/a>\n\t\t\t\t\t<\/div>\n\t\t\t\t\t<div id=\"elementor-tab-content-2144\" class=\"elementor-tab-content elementor-clearfix\" data-tab=\"4\" role=\"region\" aria-labelledby=\"elementor-tab-title-2144\"><p>\u0646\u062d\u0646 \u0646\u0642\u062f\u0645 \u0636\u0645\u0627\u0646\u064b\u0627 \u0644\u0644\u0627\u0633\u062a\u0628\u062f\u0627\u0644 \u062e\u0644\u0627\u0644 \u0641\u062a\u0631\u0629 \u0645\u062d\u062f\u062f\u0629 \u0641\u064a \u0627\u0644\u0639\u0642\u062f \u0625\u0630\u0627 \u0644\u0645 \u064a\u0633\u062a\u0648\u0641\u0650 \u0627\u0644\u0645\u0631\u0634\u062d \u0627\u0644\u062a\u0648\u0642\u0639\u0627\u062a.<\/p><\/div>\n\t\t\t\t<\/div>\n\t\t\t\t\t\t\t<div class=\"elementor-accordion-item\">\n\t\t\t\t\t<div id=\"elementor-tab-title-2145\" class=\"elementor-tab-title\" data-tab=\"5\" role=\"button\" aria-controls=\"elementor-tab-content-2145\" aria-expanded=\"false\">\n\t\t\t\t\t\t\t\t\t\t\t\t\t<span class=\"elementor-accordion-icon elementor-accordion-icon-right\" aria-hidden=\"true\">\n\t\t\t\t\t\t\t\t\t\t\t\t\t\t\t<span class=\"elementor-accordion-icon-closed\"><i class=\"fas fa-caret-down\"><\/i><\/span>\n\t\t\t\t\t\t\t\t<span class=\"elementor-accordion-icon-opened\"><i class=\"fas fa-caret-up\"><\/i><\/span>\n\t\t\t\t\t\t\t\t\t\t\t\t\t\t<\/span>\n\t\t\t\t\t\t\t\t\t\t\t\t<a class=\"elementor-accordion-title\" tabindex=\"0\">5. \u0647\u0644 \u064a\u0645\u0643\u0646\u0643\u0645 \u0627\u0644\u0645\u0633\u0627\u0639\u062f\u0629 \u0641\u064a \u0627\u062e\u062a\u064a\u0627\u0631 \u0627\u0644\u0645\u0646\u0627\u0635\u0628 \u0627\u0644\u0625\u062f\u0627\u0631\u064a\u0629 \u0627\u0644\u0639\u0644\u064a\u0627\u061f<\/a>\n\t\t\t\t\t<\/div>\n\t\t\t\t\t<div id=\"elementor-tab-content-2145\" class=\"elementor-tab-content elementor-clearfix\" data-tab=\"5\" role=\"region\" aria-labelledby=\"elementor-tab-title-2145\"><p>\u0646\u0639\u0645\u060c \u0645\u0646 \u062e\u0644\u0627\u0644 \u062e\u062f\u0645\u062a\u0646\u0627 \u0627\u0644\u0645\u062a\u062e\u0635\u0635\u0629 \u0641\u064a \u0627\u0644\u0628\u062d\u062b \u0627\u0644\u062a\u0646\u0641\u064a\u0630\u064a\u060c \u0646\u062d\u062f\u062f \u0627\u0644\u0642\u0627\u062f\u0629 \u0639\u0644\u0649 \u0627\u0644\u0645\u0633\u062a\u0648\u0649 \u0627\u0644\u0631\u0641\u064a\u0639 \u062d\u062a\u0649 \u0648\u0625\u0646 \u0644\u0645 \u064a\u0643\u0648\u0646\u0648\u0627 \u0646\u0634\u0637\u064a\u0646 \u0641\u064a \u0633\u0648\u0642 \u0627\u0644\u0639\u0645\u0644.<\/p><\/div>\n\t\t\t\t<\/div>\n\t\t\t\t\t\t\t<div class=\"elementor-accordion-item\">\n\t\t\t\t\t<div id=\"elementor-tab-title-2146\" class=\"elementor-tab-title\" data-tab=\"6\" role=\"button\" aria-controls=\"elementor-tab-content-2146\" aria-expanded=\"false\">\n\t\t\t\t\t\t\t\t\t\t\t\t\t<span class=\"elementor-accordion-icon elementor-accordion-icon-right\" aria-hidden=\"true\">\n\t\t\t\t\t\t\t\t\t\t\t\t\t\t\t<span class=\"elementor-accordion-icon-closed\"><i class=\"fas fa-caret-down\"><\/i><\/span>\n\t\t\t\t\t\t\t\t<span class=\"elementor-accordion-icon-opened\"><i class=\"fas fa-caret-up\"><\/i><\/span>\n\t\t\t\t\t\t\t\t\t\t\t\t\t\t<\/span>\n\t\t\t\t\t\t\t\t\t\t\t\t<a class=\"elementor-accordion-title\" tabindex=\"0\">6. \u0647\u0644 \u062a\u0636\u0645\u0646\u0648\u0646 \u0627\u0644\u0633\u0631\u064a\u0629 \u0641\u064a \u0639\u0645\u0644\u064a\u0629 \u0627\u0644\u062a\u0648\u0638\u064a\u0641\u061f<\/a>\n\t\t\t\t\t<\/div>\n\t\t\t\t\t<div id=\"elementor-tab-content-2146\" class=\"elementor-tab-content elementor-clearfix\" data-tab=\"6\" role=\"region\" aria-labelledby=\"elementor-tab-title-2146\"><p>\u0646\u0639\u0645. \u062c\u0645\u064a\u0639 \u0627\u0644\u0639\u0645\u0644\u064a\u0627\u062a \u0633\u0631\u0651\u064a\u0629 \u062a\u0645\u0627\u0645\u064b\u0627 \u0648\u0645\u062f\u0639\u0648\u0645\u0629 \u0628\u0627\u062a\u0641\u0627\u0642\u064a\u0627\u062a \u0648\u0627\u0636\u062d\u0629 \u0644\u062d\u0645\u0627\u064a\u0629 \u0627\u0644\u0628\u064a\u0627\u0646\u0627\u062a.<\/p><\/div>\n\t\t\t\t<\/div>\n\t\t\t\t\t\t\t<div class=\"elementor-accordion-item\">\n\t\t\t\t\t<div id=\"elementor-tab-title-2147\" class=\"elementor-tab-title\" data-tab=\"7\" role=\"button\" aria-controls=\"elementor-tab-content-2147\" aria-expanded=\"false\">\n\t\t\t\t\t\t\t\t\t\t\t\t\t<span class=\"elementor-accordion-icon elementor-accordion-icon-right\" aria-hidden=\"true\">\n\t\t\t\t\t\t\t\t\t\t\t\t\t\t\t<span class=\"elementor-accordion-icon-closed\"><i class=\"fas fa-caret-down\"><\/i><\/span>\n\t\t\t\t\t\t\t\t<span class=\"elementor-accordion-icon-opened\"><i class=\"fas fa-caret-up\"><\/i><\/span>\n\t\t\t\t\t\t\t\t\t\t\t\t\t\t<\/span>\n\t\t\t\t\t\t\t\t\t\t\t\t<a class=\"elementor-accordion-title\" tabindex=\"0\">7. \u0647\u0644 \u062a\u0642\u062f\u0645\u0648\u0646 \u062e\u062f\u0645\u0627\u062a \u062a\u0648\u0638\u064a\u0641 \u0644\u0648\u0638\u0627\u0626\u0641 \u062e\u0627\u0631\u062c \u0623\u0644\u0628\u0627\u0646\u064a\u0627\u061f<\/a>\n\t\t\t\t\t<\/div>\n\t\t\t\t\t<div id=\"elementor-tab-content-2147\" class=\"elementor-tab-content elementor-clearfix\" data-tab=\"7\" role=\"region\" aria-labelledby=\"elementor-tab-title-2147\"><p>\u0646\u0639\u0645\u060c \u0646\u062a\u064a\u062d \u062e\u062f\u0645\u0627\u062a \u062f\u0648\u0644\u064a\u0629 \u0645\u0646 \u062e\u0644\u0627\u0644 \u0634\u0628\u0643\u0627\u062a \u0634\u0631\u0643\u0627\u0626\u0646\u0627 \u0648\u062d\u0644\u0648\u0644 \u0645\u062b\u0644 EOR (\u0635\u0627\u062d\u0628 \u0627\u0644\u0639\u0645\u0644 \u0627\u0644\u0631\u0633\u0645\u064a).<\/p><\/div>\n\t\t\t\t<\/div>\n\t\t\t\t\t\t\t<div class=\"elementor-accordion-item\">\n\t\t\t\t\t<div id=\"elementor-tab-title-2148\" class=\"elementor-tab-title\" data-tab=\"8\" role=\"button\" aria-controls=\"elementor-tab-content-2148\" aria-expanded=\"false\">\n\t\t\t\t\t\t\t\t\t\t\t\t\t<span class=\"elementor-accordion-icon elementor-accordion-icon-right\" aria-hidden=\"true\">\n\t\t\t\t\t\t\t\t\t\t\t\t\t\t\t<span class=\"elementor-accordion-icon-closed\"><i class=\"fas fa-caret-down\"><\/i><\/span>\n\t\t\t\t\t\t\t\t<span class=\"elementor-accordion-icon-opened\"><i class=\"fas fa-caret-up\"><\/i><\/span>\n\t\t\t\t\t\t\t\t\t\t\t\t\t\t<\/span>\n\t\t\t\t\t\t\t\t\t\t\t\t<a class=\"elementor-accordion-title\" tabindex=\"0\">8. \u0645\u0627 \u0647\u0648 \u062a\u0623\u062c\u064a\u0631 \u0627\u0644\u0645\u0648\u0638\u0641\u064a\u0646 \u0648\u0643\u064a\u0641 \u064a\u0639\u0645\u0644\u061f<\/a>\n\t\t\t\t\t<\/div>\n\t\t\t\t\t<div id=\"elementor-tab-content-2148\" class=\"elementor-tab-content elementor-clearfix\" data-tab=\"8\" role=\"region\" aria-labelledby=\"elementor-tab-title-2148\"><p>\u0625\u0646\u0647\u0627 \u062d\u0644 \u064a\u062a\u064a\u062d \u0644\u0643\u0645 \"\u0627\u0633\u062a\u0626\u062c\u0627\u0631\" \u0645\u0648\u0638\u0641\u064a\u0646 \u0644\u0641\u062a\u0631\u0627\u062a \u0645\u062d\u062f\u062f\u0629\u060c \u0645\u0639 \u0627\u0644\u062d\u0641\u0627\u0638 \u0639\u0644\u0649 \u0623\u0642\u0635\u0649 \u0642\u062f\u0631 \u0645\u0646 \u0627\u0644\u0645\u0631\u0648\u0646\u0629 \u062f\u0648\u0646 \u062a\u062d\u0645\u0644 \u0645\u0633\u0624\u0648\u0644\u064a\u0629 \u0642\u0627\u0646\u0648\u0646\u064a\u0629 \u0645\u0628\u0627\u0634\u0631\u0629.<\/p><\/div>\n\t\t\t\t<\/div>\n\t\t\t\t\t\t\t\t<\/div>\n\t\t\t\t\t\t<\/div>\n\t\t\t\t<\/div>\n\t\t\t\t\t<\/div>\n\t\t<\/div>\n\t\t\t\t\t<\/div>\n\t\t<\/div>\n\t\t\t\t<div class=\"elementor-section elementor-top-section elementor-element elementor-element-bfeec90 cspt-bg-color-yes cspt-elementor-bg-color-white elementor-section-stretched cspt-col-stretched-none cspt-bg-color-over-image elementor-section-boxed elementor-section-height-default elementor-section-height-default\" data-id=\"bfeec90\" data-element_type=\"section\" data-settings=\"{&quot;stretch_section&quot;:&quot;section-stretched&quot;}\">\n\t\t\t\t\t\t<div class=\"elementor-container elementor-column-gap-no\">\n\t\t\t\t\t<div class=\"elementor-column elementor-col-100 elementor-top-column elementor-element elementor-element-d7ae1f5 cspt-bg-color-over-image\" data-id=\"d7ae1f5\" data-element_type=\"column\">\n\t\t\t<div class=\"elementor-widget-wrap elementor-element-populated\">\n\t\t\t\t\t\t<div class=\"elementor-element elementor-element-bd92d9a elementor-widget elementor-widget-heading\" data-id=\"bd92d9a\" data-element_type=\"widget\" data-widget_type=\"heading.default\">\n\t\t\t\t<div class=\"elementor-widget-container\">\n\t\t\t\t\t<h3 class=\"elementor-heading-title elementor-size-default\">FAQ p\u00ebr Individ\u00ebt q\u00eb K\u00ebrkojn\u00eb Pun\u00eb<\/h3>\t\t\t\t<\/div>\n\t\t\t\t<\/div>\n\t\t\t\t<div class=\"elementor-element elementor-element-33c159c elementor-widget elementor-widget-accordion\" data-id=\"33c159c\" data-element_type=\"widget\" data-widget_type=\"accordion.default\">\n\t\t\t\t<div class=\"elementor-widget-container\">\n\t\t\t\t\t\t\t<div class=\"elementor-accordion\">\n\t\t\t\t\t\t\t<div class=\"elementor-accordion-item\">\n\t\t\t\t\t<div id=\"elementor-tab-title-5421\" class=\"elementor-tab-title\" data-tab=\"1\" role=\"button\" aria-controls=\"elementor-tab-content-5421\" aria-expanded=\"false\">\n\t\t\t\t\t\t\t\t\t\t\t\t\t<span class=\"elementor-accordion-icon elementor-accordion-icon-right\" aria-hidden=\"true\">\n\t\t\t\t\t\t\t\t\t\t\t\t\t\t\t<span class=\"elementor-accordion-icon-closed\"><i class=\"fas fa-caret-down\"><\/i><\/span>\n\t\t\t\t\t\t\t\t<span class=\"elementor-accordion-icon-opened\"><i class=\"fas fa-caret-up\"><\/i><\/span>\n\t\t\t\t\t\t\t\t\t\t\t\t\t\t<\/span>\n\t\t\t\t\t\t\t\t\t\t\t\t<a class=\"elementor-accordion-title\" tabindex=\"0\">1. Si mund t\u00eb aplikoj p\u00ebr nj\u00eb pun\u00eb p\u00ebrmes HR Albania?<\/a>\n\t\t\t\t\t<\/div>\n\t\t\t\t\t<div id=\"elementor-tab-content-5421\" class=\"elementor-tab-content elementor-clearfix\" data-tab=\"1\" role=\"region\" aria-labelledby=\"elementor-tab-title-5421\"><p>Mund t\u00eb plot\u00ebsoni formularin n\u00eb faqen ton\u00eb \u201cApliko p\u00ebr nj\u00eb Pozicion\u201d ose t\u00eb na d\u00ebrgoni CV-n\u00eb n\u00eb email info@hr-albania.com.<\/p><\/div>\n\t\t\t\t<\/div>\n\t\t\t\t\t\t\t<div class=\"elementor-accordion-item\">\n\t\t\t\t\t<div id=\"elementor-tab-title-5422\" class=\"elementor-tab-title\" data-tab=\"2\" role=\"button\" aria-controls=\"elementor-tab-content-5422\" aria-expanded=\"false\">\n\t\t\t\t\t\t\t\t\t\t\t\t\t<span class=\"elementor-accordion-icon elementor-accordion-icon-right\" aria-hidden=\"true\">\n\t\t\t\t\t\t\t\t\t\t\t\t\t\t\t<span class=\"elementor-accordion-icon-closed\"><i class=\"fas fa-caret-down\"><\/i><\/span>\n\t\t\t\t\t\t\t\t<span class=\"elementor-accordion-icon-opened\"><i class=\"fas fa-caret-up\"><\/i><\/span>\n\t\t\t\t\t\t\t\t\t\t\t\t\t\t<\/span>\n\t\t\t\t\t\t\t\t\t\t\t\t<a class=\"elementor-accordion-title\" tabindex=\"0\">2. A mund t\u00eb m\u00eb ndihmoni t\u00eb gjej pun\u00eb jasht\u00eb Shqip\u00ebris\u00eb?<\/a>\n\t\t\t\t\t<\/div>\n\t\t\t\t\t<div id=\"elementor-tab-content-5422\" class=\"elementor-tab-content elementor-clearfix\" data-tab=\"2\" role=\"region\" aria-labelledby=\"elementor-tab-title-5422\"><p>Po. Bashk\u00ebpunojm\u00eb me kompani nd\u00ebrkomb\u00ebtare dhe ndihmojm\u00eb n\u00eb p\u00ebrgatitjen e aplikimeve p\u00ebr tregun e huaj.<\/p><\/div>\n\t\t\t\t<\/div>\n\t\t\t\t\t\t\t<div class=\"elementor-accordion-item\">\n\t\t\t\t\t<div id=\"elementor-tab-title-5423\" class=\"elementor-tab-title\" data-tab=\"3\" role=\"button\" aria-controls=\"elementor-tab-content-5423\" aria-expanded=\"false\">\n\t\t\t\t\t\t\t\t\t\t\t\t\t<span class=\"elementor-accordion-icon elementor-accordion-icon-right\" aria-hidden=\"true\">\n\t\t\t\t\t\t\t\t\t\t\t\t\t\t\t<span class=\"elementor-accordion-icon-closed\"><i class=\"fas fa-caret-down\"><\/i><\/span>\n\t\t\t\t\t\t\t\t<span class=\"elementor-accordion-icon-opened\"><i class=\"fas fa-caret-up\"><\/i><\/span>\n\t\t\t\t\t\t\t\t\t\t\t\t\t\t<\/span>\n\t\t\t\t\t\t\t\t\t\t\t\t<a class=\"elementor-accordion-title\" tabindex=\"0\">3. Si mund t\u00eb rezervoj nj\u00eb takim me nj\u00eb k\u00ebshillues karriere?<\/a>\n\t\t\t\t\t<\/div>\n\t\t\t\t\t<div id=\"elementor-tab-content-5423\" class=\"elementor-tab-content elementor-clearfix\" data-tab=\"3\" role=\"region\" aria-labelledby=\"elementor-tab-title-5423\"><p>Mund t\u00eb na kontaktoni n\u00ebp\u00ebrmjet formularit t\u00eb kontaktit n\u00eb faqe ose t\u00eb na telefononi p\u00ebr t\u00eb rezervuar nj\u00eb seanc\u00eb.<\/p><\/div>\n\t\t\t\t<\/div>\n\t\t\t\t\t\t\t\t<\/div>\n\t\t\t\t\t\t<\/div>\n\t\t\t\t<\/div>\n\t\t\t\t\t<\/div>\n\t\t<\/div>\n\t\t\t\t\t<\/div>\n\t\t<\/div>\n\t\t\t\t<\/div>","protected":false},"excerpt":{"rendered":"<p>FAQ p\u00ebr Kompanit\u00eb q\u00eb K\u00ebrkojn\u00eb Staf 1. \u00c7far\u00eb lloj kompanish mund t\u00eb bashk\u00ebpunojn\u00eb me HR Albania? Ne punojm\u00eb me biznese t\u00eb t\u00eb gjitha madh\u00ebsive dhe industrive, nga startup-et te korporatat, p\u00ebr t\u00eb ndihmuar n\u00eb rekrutimin e stafit t\u00eb p\u00ebrshtatsh\u00ebm. 2. \u00c7far\u00eb sh\u00ebrbimesh rekrutimi ofroni? Ofrojm\u00eb rekrutim klasik, k\u00ebrkim ekzekutiv (Executive Search), staff leasing, sh\u00ebrbime EOR dhe konsulenc\u00eb n\u00eb burime njer\u00ebzore. 3. Sa koh\u00eb zgjat nj\u00eb proces rekrutimi? Koh\u00ebzgjatja varet nga[&hellip;]<\/p>","protected":false},"author":1,"featured_media":0,"parent":0,"menu_order":17,"comment_status":"closed","ping_status":"closed","template":"","meta":{"footnotes":""},"class_list":["post-97","page","type-page","status-publish","hentry"],"_links":{"self":[{"href":"https:\/\/hr-albania.com\/ar\/wp-json\/wp\/v2\/pages\/97","targetHints":{"allow":["GET"]}}],"collection":[{"href":"https:\/\/hr-albania.com\/ar\/wp-json\/wp\/v2\/pages"}],"about":[{"href":"https:\/\/hr-albania.com\/ar\/wp-json\/wp\/v2\/types\/page"}],"author":[{"embeddable":true,"href":"https:\/\/hr-albania.com\/ar\/wp-json\/wp\/v2\/users\/1"}],"replies":[{"embeddable":true,"href":"https:\/\/hr-albania.com\/ar\/wp-json\/wp\/v2\/comments?post=97"}],"version-history":[{"count":3,"href":"https:\/\/hr-albania.com\/ar\/wp-json\/wp\/v2\/pages\/97\/revisions"}],"predecessor-version":[{"id":435,"href":"https:\/\/hr-albania.com\/ar\/wp-json\/wp\/v2\/pages\/97\/revisions\/435"}],"wp:attachment":[{"href":"https:\/\/hr-albania.com\/ar\/wp-json\/wp\/v2\/media?parent=97"}],"curies":[{"name":"wp","href":"https:\/\/api.w.org\/{rel}","templated":true}]}}